{"id":11,"date":"2024-08-13T16:49:18","date_gmt":"2024-08-13T14:49:18","guid":{"rendered":"http:\/\/pafgens.exitmusic.org\/?page_id=11"},"modified":"2024-08-20T20:33:11","modified_gmt":"2024-08-20T18:33:11","slug":"our-work","status":"publish","type":"page","link":"https:\/\/pafgens.exitmusic.org\/?page_id=11","title":{"rendered":"Our work"},"content":{"rendered":"\n<p><strong>Discography and releases:<\/strong><\/p>\n\n\n\n<ul class=\"wp-block-list\">\n<li><a href=\"https:\/\/mappa.bandcamp.com\/album\/aspect-of-what\" data-type=\"link\" data-id=\"https:\/\/mappa.bandcamp.com\/album\/aspect-of-what\">Aspect of What<\/a> (album, vinyl, mappa, 2024)<\/li>\n\n\n\n<li><a href=\"https:\/\/pafgens.bandcamp.com\/album\/der-regen\">Der Regen<\/a> (album, tape, Econore label, 2022)<\/li>\n\n\n\n<li><a href=\"https:\/\/pafgens.bandcamp.com\/album\/plateau-peak-valley\">Plateau \/ Peak \/ Valley<\/a> (EP, digital, self-released, 2021)<\/li>\n\n\n\n<li><a href=\"https:\/\/pafgens.bandcamp.com\/album\/arthrolyse\">Arthrolyse<\/a> (EP, tape\/CD-R, self-released\/Econore label, 2020)<\/li>\n\n\n\n<li><a href=\"https:\/\/pafgens.bandcamp.com\/album\/der-abgesagte-flug-nach-new-york\">Der Abgesagte Flug Nach New York<\/a> (EP, tape, self-released, 2020)<\/li>\n\n\n\n<li><a href=\"https:\/\/pafgens.bandcamp.com\/album\/rule-the-waves\">Rule The Waves<\/a> (album, tape, self-released, 2019)<\/li>\n\n\n\n<li><a href=\"https:\/\/pafgens.bandcamp.com\/album\/der-sturm\">Der Sturm<\/a> (album, digital, self-released, 2019)<\/li>\n\n\n\n<li><a href=\"https:\/\/pafgens.bandcamp.com\/album\/batch-drops\">Batch\/Drops<\/a> (SP with Dead Janitor, digital, self-released, 2017)<\/li>\n\n\n\n<li><a href=\"https:\/\/pafgens.bandcamp.com\/album\/tapas-live-in-madrid\">Tapas<\/a> (live album, CD-R, self-released, 2017)<\/li>\n\n\n\n<li><a href=\"https:\/\/pafgens.bandcamp.com\/album\/tinyold-hands\">Tinyold Hands<\/a> (album, CD\/tape, Too Many Fireworks Records, 2016)<\/li>\n\n\n\n<li><a href=\"https:\/\/pafgens.bandcamp.com\/album\/boatside-live-at-orange-ear\">Boatside<\/a> (live album, tape, self-released, 2016)<\/li>\n\n\n\n<li><a href=\"https:\/\/pafgens.bandcamp.com\/album\/der-verpasste-zug-nach-berlin\">Der Verpasste Zug Nach Berlin<\/a> (EP, CD-R, self-released, 2015)<\/li>\n\n\n\n<li><a href=\"https:\/\/pafgens.bandcamp.com\/album\/what-happened-to-erich-zederkoff\">What Happened To Erich Zederkoff?<\/a> (album, CD-R, self-released, 2014)<\/li>\n\n\n\n<li><a href=\"https:\/\/pafgens.bandcamp.com\/album\/golo\">Golo<\/a> (EP, digital, self-released, 2013)<\/li>\n<\/ul>\n\n\n\n<p><strong>Compositions and other projects:<\/strong><\/p>\n\n\n\n<ul class=\"wp-block-list\">\n<li><a href=\"https:\/\/soundcloud.com\/pafgens\/jachymov\">J\u00e1chymov<\/a> (composition for a dance performance, 2024)<\/li>\n\n\n\n<li><a href=\"https:\/\/www.ji-hlava.com\/filmy\/global-illumination\">Global Illumination<\/a> (score for a short film, dir. Artur Magrot, 2020)<\/li>\n\n\n\n<li><a href=\"https:\/\/soundcloud.com\/filipdrabek-pafgens\/pafgens-scores\">The Shop on Main Street<\/a> (composition for a live performance, 2016)<\/li>\n\n\n\n<li><a href=\"https:\/\/skupina.bandcamp.com\/album\/062015\">Filip Dr\u00e1bek: 062015<\/a> (EP, tape, Skupina, 2016)<\/li>\n\n\n\n<li><a href=\"https:\/\/soundsofjelonki.bandcamp.com\/album\/d-wi-ki-jelonek-sounds-of-jelonki\">D\u017awi\u0119ki Jelonek \/\/ Sounds of Jelonki<\/a> (field recordings project and album, 2015)<\/li>\n\n\n\n<li><a href=\"https:\/\/afterhoursshows.tumblr.com\/shows\">After Hours Shows<\/a> &#8211; production and booking of live concerts in Bratislava 2011 &#8211; 2013<\/li>\n<\/ul>\n","protected":false},"excerpt":{"rendered":"<p>Discography and releases: Compositions and other projects:<\/p>\n","protected":false},"author":1,"featured_media":0,"parent":0,"menu_order":0,"comment_status":"closed","ping_status":"closed","template":"","meta":{"_monsterinsights_skip_tracking":false,"_monsterinsights_sitenote_active":false,"_monsterinsights_sitenote_note":"","_monsterinsights_sitenote_category":0,"footnotes":""},"class_list":["post-11","page","type-page","status-publish","hentry"],"yoast_head":"<!-- This site is optimized with the Yoast SEO plugin v23.2 - https:\/\/yoast.com\/wordpress\/plugins\/seo\/ -->\n<title>Our work - P\u00e4fgens<\/title>\n<meta name=\"robots\" content=\"index, follow, max-snippet:-1, max-image-preview:large, max-video-preview:-1\" \/>\n<link rel=\"canonical\" href=\"https:\/\/pafgens.exitmusic.org\/?page_id=11\" \/>\n<meta property=\"og:locale\" content=\"sk_SK\" \/>\n<meta property=\"og:type\" content=\"article\" \/>\n<meta property=\"og:title\" content=\"Our work - P\u00e4fgens\" \/>\n<meta property=\"og:description\" content=\"Discography and releases: Compositions and other projects:\" \/>\n<meta property=\"og:url\" content=\"https:\/\/pafgens.exitmusic.org\/?page_id=11\" \/>\n<meta property=\"og:site_name\" content=\"P\u00e4fgens\" \/>\n<meta property=\"article:publisher\" content=\"https:\/\/facebook.com\/pafgens\" \/>\n<meta property=\"article:modified_time\" content=\"2024-08-20T18:33:11+00:00\" \/>\n<meta name=\"twitter:card\" content=\"summary_large_image\" \/>\n<meta name=\"twitter:label1\" content=\"Predpokladan\u00fd \u010das \u010d\u00edtania\" \/>\n\t<meta name=\"twitter:data1\" content=\"1 min\u00fata\" \/>\n<script type=\"application\/ld+json\" class=\"yoast-schema-graph\">{\"@context\":\"https:\/\/schema.org\",\"@graph\":[{\"@type\":\"WebPage\",\"@id\":\"https:\/\/pafgens.exitmusic.org\/?page_id=11\",\"url\":\"https:\/\/pafgens.exitmusic.org\/?page_id=11\",\"name\":\"Our work - P\u00e4fgens\",\"isPartOf\":{\"@id\":\"http:\/\/pafgens.exitmusic.org\/#website\"},\"datePublished\":\"2024-08-13T14:49:18+00:00\",\"dateModified\":\"2024-08-20T18:33:11+00:00\",\"breadcrumb\":{\"@id\":\"https:\/\/pafgens.exitmusic.org\/?page_id=11#breadcrumb\"},\"inLanguage\":\"sk-SK\",\"potentialAction\":[{\"@type\":\"ReadAction\",\"target\":[\"https:\/\/pafgens.exitmusic.org\/?page_id=11\"]}]},{\"@type\":\"BreadcrumbList\",\"@id\":\"https:\/\/pafgens.exitmusic.org\/?page_id=11#breadcrumb\",\"itemListElement\":[{\"@type\":\"ListItem\",\"position\":1,\"name\":\"Home\",\"item\":\"https:\/\/pafgens.exitmusic.org\/\"},{\"@type\":\"ListItem\",\"position\":2,\"name\":\"Our work\"}]},{\"@type\":\"WebSite\",\"@id\":\"http:\/\/pafgens.exitmusic.org\/#website\",\"url\":\"http:\/\/pafgens.exitmusic.org\/\",\"name\":\"P\u00e4fgens\",\"description\":\"\",\"potentialAction\":[{\"@type\":\"SearchAction\",\"target\":{\"@type\":\"EntryPoint\",\"urlTemplate\":\"http:\/\/pafgens.exitmusic.org\/?s={search_term_string}\"},\"query-input\":\"required name=search_term_string\"}],\"inLanguage\":\"sk-SK\"}]}<\/script>\n<!-- \/ Yoast SEO plugin. -->","yoast_head_json":{"title":"Our work - P\u00e4fgens","robots":{"index":"index","follow":"follow","max-snippet":"max-snippet:-1","max-image-preview":"max-image-preview:large","max-video-preview":"max-video-preview:-1"},"canonical":"https:\/\/pafgens.exitmusic.org\/?page_id=11","og_locale":"sk_SK","og_type":"article","og_title":"Our work - P\u00e4fgens","og_description":"Discography and releases: Compositions and other projects:","og_url":"https:\/\/pafgens.exitmusic.org\/?page_id=11","og_site_name":"P\u00e4fgens","article_publisher":"https:\/\/facebook.com\/pafgens","article_modified_time":"2024-08-20T18:33:11+00:00","twitter_card":"summary_large_image","twitter_misc":{"Predpokladan\u00fd \u010das \u010d\u00edtania":"1 min\u00fata"},"schema":{"@context":"https:\/\/schema.org","@graph":[{"@type":"WebPage","@id":"https:\/\/pafgens.exitmusic.org\/?page_id=11","url":"https:\/\/pafgens.exitmusic.org\/?page_id=11","name":"Our work - P\u00e4fgens","isPartOf":{"@id":"http:\/\/pafgens.exitmusic.org\/#website"},"datePublished":"2024-08-13T14:49:18+00:00","dateModified":"2024-08-20T18:33:11+00:00","breadcrumb":{"@id":"https:\/\/pafgens.exitmusic.org\/?page_id=11#breadcrumb"},"inLanguage":"sk-SK","potentialAction":[{"@type":"ReadAction","target":["https:\/\/pafgens.exitmusic.org\/?page_id=11"]}]},{"@type":"BreadcrumbList","@id":"https:\/\/pafgens.exitmusic.org\/?page_id=11#breadcrumb","itemListElement":[{"@type":"ListItem","position":1,"name":"Home","item":"https:\/\/pafgens.exitmusic.org\/"},{"@type":"ListItem","position":2,"name":"Our work"}]},{"@type":"WebSite","@id":"http:\/\/pafgens.exitmusic.org\/#website","url":"http:\/\/pafgens.exitmusic.org\/","name":"P\u00e4fgens","description":"","potentialAction":[{"@type":"SearchAction","target":{"@type":"EntryPoint","urlTemplate":"http:\/\/pafgens.exitmusic.org\/?s={search_term_string}"},"query-input":"required name=search_term_string"}],"inLanguage":"sk-SK"}]}},"_links":{"self":[{"href":"https:\/\/pafgens.exitmusic.org\/index.php?rest_route=\/wp\/v2\/pages\/11"}],"collection":[{"href":"https:\/\/pafgens.exitmusic.org\/index.php?rest_route=\/wp\/v2\/pages"}],"about":[{"href":"https:\/\/pafgens.exitmusic.org\/index.php?rest_route=\/wp\/v2\/types\/page"}],"author":[{"embeddable":true,"href":"https:\/\/pafgens.exitmusic.org\/index.php?rest_route=\/wp\/v2\/users\/1"}],"replies":[{"embeddable":true,"href":"https:\/\/pafgens.exitmusic.org\/index.php?rest_route=%2Fwp%2Fv2%2Fcomments&post=11"}],"version-history":[{"count":4,"href":"https:\/\/pafgens.exitmusic.org\/index.php?rest_route=\/wp\/v2\/pages\/11\/revisions"}],"predecessor-version":[{"id":36,"href":"https:\/\/pafgens.exitmusic.org\/index.php?rest_route=\/wp\/v2\/pages\/11\/revisions\/36"}],"wp:attachment":[{"href":"https:\/\/pafgens.exitmusic.org\/index.php?rest_route=%2Fwp%2Fv2%2Fmedia&parent=11"}],"curies":[{"name":"wp","href":"https:\/\/api.w.org\/{rel}","templated":true}]}}