{"id":15,"date":"2024-08-13T16:49:58","date_gmt":"2024-08-13T14:49:58","guid":{"rendered":"http:\/\/pafgens.exitmusic.org\/?page_id=15"},"modified":"2025-08-21T15:27:03","modified_gmt":"2025-08-21T13:27:03","slug":"live-performances","status":"publish","type":"page","link":"https:\/\/pafgens.exitmusic.org\/?page_id=15","title":{"rendered":"Live performances"},"content":{"rendered":"\n<p><strong>Upcoming:<\/strong><\/p>\n\n\n\n<p class=\"has-small-font-size\">30.08.2025 &#8211; Berlin, DE &#8211; Aspect of What 1st anniversary  listening session at KUKUMU<\/p>\n\n\n\n<p><strong>Past:<\/strong><\/p>\n\n\n\n<p class=\"has-small-font-size\">13.09.2024 &#8211; Berlin, DE &#8211; Nexus at KUKUMU<br>09.09.2023 &#8211; Berlin &#8211; DE &#8211; KUKUMU<br>06.08.2023 &#8211; Berlin &#8211; DE &#8211; Noiseberg #107<br>22.04.2023 &#8211; Bratislava &#8211; SK &#8211; Sharpe Festival<\/p>\n\n\n\n<p class=\"has-small-font-size\">01.04.2022 &#8211; Berlin &#8211; DE &#8211; VJ Open Lab at Panda<\/p>\n\n\n\n<p class=\"has-small-font-size\">12.09.2021 &#8211; Berlin &#8211; DE &#8211; Ernst-Gettke-Haus<\/p>\n\n\n\n<p class=\"has-small-font-size\">19.04.2020 &#8211; Berlin &#8211; DE &#8211; Live streaming session from home for Orange Ear<br><s>19.03.2020 &#8211; Berlin &#8211; DE &#8211; Madame Claude&nbsp;<\/s><\/p>\n\n\n\n<p class=\"has-small-font-size\">16.07.2019 &#8211; Pardubice &#8211; CZ &#8211; GAMPA (*Filip solo, opening of Pr\u00e1zdno\/Napln\u011bn\u00ed exhibition)<em><br><\/em>15.06.2019 &#8211; Berlin &#8211; DE &#8211; Kindl (drone set with visuals by Paula \u010eurinov\u00e1)<br>12.06.2019 &#8211; Berlin &#8211; DE &#8211; \u00c4 Neuk\u00f6lln<\/p>\n\n\n\n<p class=\"has-small-font-size\">04.12.2018 &#8211; Berlin &#8211; DE &#8211; Deriva (with other artists playing tribute to Disintegration by The Cure)<br>18.10.2018 &#8211; Bratislava &#8211; SK &#8211; Fuga (with The Ills and Manon Meurt)<br>29.09.2018 &#8211; Berlin &#8211; DE &#8211; Tschechisches Zentrum (*Filip solo, opening of Libu\u0161e Jarcovj\u00e1kov\u00e1&#8217;s exhibition)<em><br><\/em>07.08.2018 &#8211; Berlin &#8211; DE &#8211; Deriva (with Thersea Seabird)<br>03.06.2018 &#8211; Berlin &#8211; DE &#8211; Noiseberg, Atelier \u00c4uglein<\/p>\n\n\n\n<p class=\"has-small-font-size\">11.12.2017 &#8211; Berlin &#8211; DE &#8211; Madame Claude (as Jana Ko\u010di\u0161ov\u00e1\/Filip Dr\u00e1bek)<br>10.12.2017 &#8211; Berlin &#8211; DE &#8211; ACUD Tape Summit (as Jana Ko\u010di\u0161ov\u00e1\/Filip Dr\u00e1bek)<br>09.12.2017 &#8211; Berlin &#8211; DE &#8211; Saarbach (with Espin Meta)<br>05.11.2017 &#8211; Berlin &#8211; DE &#8211; Noiseberg (as Jana Ko\u010di\u0161ov\u00e1\/Filip Dr\u00e1bek)<br>08.11.2017 &#8211; Berlin &#8211; DE &#8211; \u00c4 Neuk\u00f6lln<br>29.07.2017 &#8211; Berlin &#8211; DE &#8211; IPA Bar (with Kate Lucas)<br>10.06.2017 &#8211; Praha &#8211; CZ &#8211; Praha \u017eije hudbou festival, Full Moon Stage &#8211; Ji\u0159\u00edho z Pod\u011bbrad<br>01.06.2017 &#8211; Bratislava &#8211; SK &#8211; Fuga (with Burlin Mud\u2019s Metal Mang Ork\u00e6stra)<br>29.05.2017 &#8211; Berlin &#8211; DE &#8211; Madame Claude (*Filip solo)<em><br><\/em>29.04.2017 &#8211; Berlin &#8211; DE &#8211; Ofen Bar (with Neo Ferns)<br>13.04.2017 &#8211; Berlin &#8211; DE &#8211; Duncker Club (with The Ills)<br>25.03.2017 &#8211; Madrid &#8211; ES &#8211; Bodega Club at Delia Records<br>17.02.2017 &#8211; Berlin &#8211; DE &#8211; Ofen Bar (with Marakesh)<br>08.02.2017 &#8211; Berlin &#8211; DE &#8211; Ho\u0161ek Contemporary (special impro\/drone set)<br>24.01.2017 &#8211; Berlin &#8211; DE &#8211; Madame Claude (with the Black Elephant Band)<br>19.01.2017 &#8211; Berlin &#8211; DE &#8211; Alter Roter L\u00f6we Rein (with Lake Felix)<\/p>\n\n\n\n<p class=\"has-small-font-size\"><s>20.12.2016 &#8211; Berlin &#8211; DE &#8211; Ofen Bar (cancelled due to illness)<br><\/s>17.12.2016 &#8211; Warsaw &#8211; PL &#8211; Eufemia (with Evvolves and Mateusz Franczak)<br>27.09.2016 &#8211; Berlin &#8211; DE &#8211; Donau115 (with Just Joseph)<br>24.09.2016 &#8211; Praha &#8211; CZ &#8211; Punctum Kr\u00e1sovka (+ DJ Jan Bal\u00e1\u017e)<br>23.09.2016 &#8211; Karlovy Vary &#8211; CZ &#8211; Vzbu\u010fme Vary festival<br>21.09.2016 &#8211; Berlin &#8211; DE &#8211; Ofen Bar (with Millwalkie)<br>08.09.2016 &#8211; Berlin &#8211; DE &#8211; XB Liebig (with Evvolves, Dane Joe)<br>22.07.2016 &#8211; Warsaw &#8211; PL &#8211; Klub Mam na Bemowie (with Asie Dwie)<br>01.07.2016 &#8211; Topo\u013e\u010dany &#8211; SK &#8211; N\u00e1stupi\u0161te 1-12<br>30.06.2016 &#8211; Bratislava &#8211; SK &#8211; A4<br>11.06.2016 &#8211; Berlin &#8211; DE &#8211; Orange \u2018Ear &#8211; Offenes Raumn<br>21.05.2016 &#8211; Warsaw &#8211; PL &#8211; Chlodna 25 (with Erith)<br>13.05.2016 &#8211; Warsaw &#8211; PL &#8211; Chmury&nbsp; (with Atariame)<br>22.04.2016 &#8211; Warsaw &#8211; PL &#8211; Prochownia<br>15.03.2016 &#8211; Warsaw &#8211; PL &#8211; Eufemia (with Evvolves, Szron)<br>28.02.2016 &#8211; Brno, CZ &#8211; Praha (Filip solo)<em><br><\/em>27.02.2016 &#8211; Brno &#8211; CZ &#8211; Cafe in the Ghetto<br>19.02.2016 &#8211; Nowy S\u0105cz &#8211; PL &#8211; Koncert na dom\u00f3wce u Pauliny<br>30.01.2016 &#8211; Warsaw &#8211; PL &#8211; M\u00f3zg (Scores #1 &#8211; performing live soundtrack to 15 minutes of Shop on a Main Street movie)<\/p>\n\n\n\n<p class=\"has-small-font-size\">11.12.2015 &#8211; Warsaw &#8211; PL &#8211; Chmury&nbsp; (with Moriah Woods, Rosa Vertov, Agata Karczewska)<br>25.10.2015 &#8211; Warsaw &#8211; PL &#8211; Karusela (Sounds of Jelonki project opening)<br>29.08.2015 &#8211; Warsaw &#8211; PL &#8211; Par\u0119os\u00f3b<br>16.08.2015 &#8211; Warsaw &#8211; PL &#8211; Hocki Klocki (with Ple\u015bni)<br>13.07.2015 &#8211; Warsaw &#8211; PL &#8211; Chmury&nbsp; (with The Holydrug Couple)<br>08.04.2015 &#8211; Warsaw &#8211; PL &#8211; Chmury (with Oat Oaks, Atariame, Sier\u015b\u0107)<br>17.01.2015 &#8211; Warsaw &#8211; PL &#8211; Chmury (with Black Coffee)22.11.2014 &#8211; Warsaw &#8211; PL &#8211; Towarzyska (with Sunlit Earth)<br>21.08.2014 &#8211; Warsaw &#8211; PL &#8211; Fawory,<br>07.06.2014 &#8211; Warsaw &#8211; PL &#8211; Wilson<br>18.05.2014 &#8211; Warsaw &#8211; PL &#8211; Kicia Kocia (with Zero Absolu)<\/p>\n\n\n\n<p><\/p>\n","protected":false},"excerpt":{"rendered":"<p>Upcoming: 30.08.2025 &#8211; Berlin, DE &#8211; Aspect of What 1st anniversary listening session at KUKUMU Past: 13.09.2024 &#8211; Berlin, DE &#8211; Nexus at KUKUMU09.09.2023 &#8211; Berlin &#8211; DE &#8211; KUKUMU06.08.2023 &#8211; Berlin &#8211; DE &#8211; Noiseberg #10722.04.2023 &#8211; Bratislava &#8211; SK &#8211; Sharpe Festival 01.04.2022 &#8211; Berlin &#8211; DE &#8211; VJ Open Lab at Panda [&hellip;]<\/p>\n","protected":false},"author":1,"featured_media":0,"parent":0,"menu_order":0,"comment_status":"closed","ping_status":"closed","template":"","meta":{"_monsterinsights_skip_tracking":false,"_monsterinsights_sitenote_active":false,"_monsterinsights_sitenote_note":"","_monsterinsights_sitenote_category":0,"footnotes":""},"class_list":["post-15","page","type-page","status-publish","hentry"],"yoast_head":"<!-- This site is optimized with the Yoast SEO plugin v23.2 - https:\/\/yoast.com\/wordpress\/plugins\/seo\/ -->\n<title>Live performances - P\u00e4fgens<\/title>\n<meta name=\"robots\" content=\"index, follow, max-snippet:-1, max-image-preview:large, max-video-preview:-1\" \/>\n<link rel=\"canonical\" href=\"https:\/\/pafgens.exitmusic.org\/?page_id=15\" \/>\n<meta property=\"og:locale\" content=\"sk_SK\" \/>\n<meta property=\"og:type\" content=\"article\" \/>\n<meta property=\"og:title\" content=\"Live performances - P\u00e4fgens\" \/>\n<meta property=\"og:description\" content=\"Upcoming: 30.08.2025 &#8211; Berlin, DE &#8211; Aspect of What 1st anniversary listening session at KUKUMU Past: 13.09.2024 &#8211; Berlin, DE &#8211; Nexus at KUKUMU09.09.2023 &#8211; Berlin &#8211; DE &#8211; KUKUMU06.08.2023 &#8211; Berlin &#8211; DE &#8211; Noiseberg #10722.04.2023 &#8211; Bratislava &#8211; SK &#8211; Sharpe Festival 01.04.2022 &#8211; Berlin &#8211; DE &#8211; VJ Open Lab at Panda [&hellip;]\" \/>\n<meta property=\"og:url\" content=\"https:\/\/pafgens.exitmusic.org\/?page_id=15\" \/>\n<meta property=\"og:site_name\" content=\"P\u00e4fgens\" \/>\n<meta property=\"article:publisher\" content=\"https:\/\/facebook.com\/pafgens\" \/>\n<meta property=\"article:modified_time\" content=\"2025-08-21T13:27:03+00:00\" \/>\n<meta name=\"twitter:card\" content=\"summary_large_image\" \/>\n<meta name=\"twitter:label1\" content=\"Predpokladan\u00fd \u010das \u010d\u00edtania\" \/>\n\t<meta name=\"twitter:data1\" content=\"3 min\u00faty\" \/>\n<script type=\"application\/ld+json\" class=\"yoast-schema-graph\">{\"@context\":\"https:\/\/schema.org\",\"@graph\":[{\"@type\":\"WebPage\",\"@id\":\"https:\/\/pafgens.exitmusic.org\/?page_id=15\",\"url\":\"https:\/\/pafgens.exitmusic.org\/?page_id=15\",\"name\":\"Live performances - P\u00e4fgens\",\"isPartOf\":{\"@id\":\"http:\/\/pafgens.exitmusic.org\/#website\"},\"datePublished\":\"2024-08-13T14:49:58+00:00\",\"dateModified\":\"2025-08-21T13:27:03+00:00\",\"breadcrumb\":{\"@id\":\"https:\/\/pafgens.exitmusic.org\/?page_id=15#breadcrumb\"},\"inLanguage\":\"sk-SK\",\"potentialAction\":[{\"@type\":\"ReadAction\",\"target\":[\"https:\/\/pafgens.exitmusic.org\/?page_id=15\"]}]},{\"@type\":\"BreadcrumbList\",\"@id\":\"https:\/\/pafgens.exitmusic.org\/?page_id=15#breadcrumb\",\"itemListElement\":[{\"@type\":\"ListItem\",\"position\":1,\"name\":\"Home\",\"item\":\"https:\/\/pafgens.exitmusic.org\/\"},{\"@type\":\"ListItem\",\"position\":2,\"name\":\"Live performances\"}]},{\"@type\":\"WebSite\",\"@id\":\"http:\/\/pafgens.exitmusic.org\/#website\",\"url\":\"http:\/\/pafgens.exitmusic.org\/\",\"name\":\"P\u00e4fgens\",\"description\":\"\",\"potentialAction\":[{\"@type\":\"SearchAction\",\"target\":{\"@type\":\"EntryPoint\",\"urlTemplate\":\"http:\/\/pafgens.exitmusic.org\/?s={search_term_string}\"},\"query-input\":\"required name=search_term_string\"}],\"inLanguage\":\"sk-SK\"}]}<\/script>\n<!-- \/ Yoast SEO plugin. -->","yoast_head_json":{"title":"Live performances - P\u00e4fgens","robots":{"index":"index","follow":"follow","max-snippet":"max-snippet:-1","max-image-preview":"max-image-preview:large","max-video-preview":"max-video-preview:-1"},"canonical":"https:\/\/pafgens.exitmusic.org\/?page_id=15","og_locale":"sk_SK","og_type":"article","og_title":"Live performances - P\u00e4fgens","og_description":"Upcoming: 30.08.2025 &#8211; Berlin, DE &#8211; Aspect of What 1st anniversary listening session at KUKUMU Past: 13.09.2024 &#8211; Berlin, DE &#8211; Nexus at KUKUMU09.09.2023 &#8211; Berlin &#8211; DE &#8211; KUKUMU06.08.2023 &#8211; Berlin &#8211; DE &#8211; Noiseberg #10722.04.2023 &#8211; Bratislava &#8211; SK &#8211; Sharpe Festival 01.04.2022 &#8211; Berlin &#8211; DE &#8211; VJ Open Lab at Panda [&hellip;]","og_url":"https:\/\/pafgens.exitmusic.org\/?page_id=15","og_site_name":"P\u00e4fgens","article_publisher":"https:\/\/facebook.com\/pafgens","article_modified_time":"2025-08-21T13:27:03+00:00","twitter_card":"summary_large_image","twitter_misc":{"Predpokladan\u00fd \u010das \u010d\u00edtania":"3 min\u00faty"},"schema":{"@context":"https:\/\/schema.org","@graph":[{"@type":"WebPage","@id":"https:\/\/pafgens.exitmusic.org\/?page_id=15","url":"https:\/\/pafgens.exitmusic.org\/?page_id=15","name":"Live performances - P\u00e4fgens","isPartOf":{"@id":"http:\/\/pafgens.exitmusic.org\/#website"},"datePublished":"2024-08-13T14:49:58+00:00","dateModified":"2025-08-21T13:27:03+00:00","breadcrumb":{"@id":"https:\/\/pafgens.exitmusic.org\/?page_id=15#breadcrumb"},"inLanguage":"sk-SK","potentialAction":[{"@type":"ReadAction","target":["https:\/\/pafgens.exitmusic.org\/?page_id=15"]}]},{"@type":"BreadcrumbList","@id":"https:\/\/pafgens.exitmusic.org\/?page_id=15#breadcrumb","itemListElement":[{"@type":"ListItem","position":1,"name":"Home","item":"https:\/\/pafgens.exitmusic.org\/"},{"@type":"ListItem","position":2,"name":"Live performances"}]},{"@type":"WebSite","@id":"http:\/\/pafgens.exitmusic.org\/#website","url":"http:\/\/pafgens.exitmusic.org\/","name":"P\u00e4fgens","description":"","potentialAction":[{"@type":"SearchAction","target":{"@type":"EntryPoint","urlTemplate":"http:\/\/pafgens.exitmusic.org\/?s={search_term_string}"},"query-input":"required name=search_term_string"}],"inLanguage":"sk-SK"}]}},"_links":{"self":[{"href":"https:\/\/pafgens.exitmusic.org\/index.php?rest_route=\/wp\/v2\/pages\/15"}],"collection":[{"href":"https:\/\/pafgens.exitmusic.org\/index.php?rest_route=\/wp\/v2\/pages"}],"about":[{"href":"https:\/\/pafgens.exitmusic.org\/index.php?rest_route=\/wp\/v2\/types\/page"}],"author":[{"embeddable":true,"href":"https:\/\/pafgens.exitmusic.org\/index.php?rest_route=\/wp\/v2\/users\/1"}],"replies":[{"embeddable":true,"href":"https:\/\/pafgens.exitmusic.org\/index.php?rest_route=%2Fwp%2Fv2%2Fcomments&post=15"}],"version-history":[{"count":5,"href":"https:\/\/pafgens.exitmusic.org\/index.php?rest_route=\/wp\/v2\/pages\/15\/revisions"}],"predecessor-version":[{"id":65,"href":"https:\/\/pafgens.exitmusic.org\/index.php?rest_route=\/wp\/v2\/pages\/15\/revisions\/65"}],"wp:attachment":[{"href":"https:\/\/pafgens.exitmusic.org\/index.php?rest_route=%2Fwp%2Fv2%2Fmedia&parent=15"}],"curies":[{"name":"wp","href":"https:\/\/api.w.org\/{rel}","templated":true}]}}