{"id":39,"date":"2024-08-20T21:21:48","date_gmt":"2024-08-20T19:21:48","guid":{"rendered":"https:\/\/pafgens.exitmusic.org\/?page_id=39"},"modified":"2024-09-17T20:28:57","modified_gmt":"2024-09-17T18:28:57","slug":"home","status":"publish","type":"page","link":"https:\/\/pafgens.exitmusic.org\/","title":{"rendered":""},"content":{"rendered":"\n<figure class=\"wp-block-image size-large is-resized\"><img loading=\"lazy\" decoding=\"async\" width=\"1024\" height=\"683\" src=\"https:\/\/pafgens.exitmusic.org\/wp-content\/uploads\/2024\/09\/DSC0750-1024x683.jpg\" alt=\"\" class=\"wp-image-54\" style=\"width:620px;height:auto\" srcset=\"https:\/\/pafgens.exitmusic.org\/wp-content\/uploads\/2024\/09\/DSC0750-1024x683.jpg 1024w, https:\/\/pafgens.exitmusic.org\/wp-content\/uploads\/2024\/09\/DSC0750-300x200.jpg 300w, https:\/\/pafgens.exitmusic.org\/wp-content\/uploads\/2024\/09\/DSC0750-768x512.jpg 768w, https:\/\/pafgens.exitmusic.org\/wp-content\/uploads\/2024\/09\/DSC0750-1536x1024.jpg 1536w, https:\/\/pafgens.exitmusic.org\/wp-content\/uploads\/2024\/09\/DSC0750.jpg 1920w\" sizes=\"(max-width: 1024px) 100vw, 1024px\" \/><\/figure>\n\n\n\n<p><sub><sup>Photo: Frank Nagel<\/sup><\/sub><\/p>\n\n\n\n<figure class=\"wp-block-image size-large\"><img loading=\"lazy\" decoding=\"async\" width=\"1024\" height=\"1024\" src=\"https:\/\/pafgens.exitmusic.org\/wp-content\/uploads\/2024\/08\/pafgens-vinyl-lab_12inch_cover_3mm_spine-1024x1024.jpeg\" alt=\"\" class=\"wp-image-43\" srcset=\"https:\/\/pafgens.exitmusic.org\/wp-content\/uploads\/2024\/08\/pafgens-vinyl-lab_12inch_cover_3mm_spine-1024x1024.jpeg 1024w, https:\/\/pafgens.exitmusic.org\/wp-content\/uploads\/2024\/08\/pafgens-vinyl-lab_12inch_cover_3mm_spine-300x300.jpeg 300w, https:\/\/pafgens.exitmusic.org\/wp-content\/uploads\/2024\/08\/pafgens-vinyl-lab_12inch_cover_3mm_spine-150x150.jpeg 150w, https:\/\/pafgens.exitmusic.org\/wp-content\/uploads\/2024\/08\/pafgens-vinyl-lab_12inch_cover_3mm_spine-768x768.jpeg 768w, https:\/\/pafgens.exitmusic.org\/wp-content\/uploads\/2024\/08\/pafgens-vinyl-lab_12inch_cover_3mm_spine-1536x1536.jpeg 1536w, https:\/\/pafgens.exitmusic.org\/wp-content\/uploads\/2024\/08\/pafgens-vinyl-lab_12inch_cover_3mm_spine-2048x2048.jpeg 2048w\" sizes=\"(max-width: 1024px) 100vw, 1024px\" \/><\/figure>\n","protected":false},"excerpt":{"rendered":"<p>Photo: Frank Nagel<\/p>\n","protected":false},"author":1,"featured_media":0,"parent":0,"menu_order":0,"comment_status":"closed","ping_status":"closed","template":"","meta":{"_monsterinsights_skip_tracking":false,"_monsterinsights_sitenote_active":false,"_monsterinsights_sitenote_note":"","_monsterinsights_sitenote_category":0,"footnotes":""},"class_list":["post-39","page","type-page","status-publish","hentry"],"yoast_head":"<!-- This site is optimized with the Yoast SEO plugin v23.2 - https:\/\/yoast.com\/wordpress\/plugins\/seo\/ -->\n<title>- P\u00e4fgens<\/title>\n<meta name=\"robots\" content=\"index, follow, max-snippet:-1, max-image-preview:large, max-video-preview:-1\" \/>\n<link rel=\"canonical\" href=\"https:\/\/pafgens.exitmusic.org\/\" \/>\n<meta property=\"og:locale\" content=\"sk_SK\" \/>\n<meta property=\"og:type\" content=\"article\" \/>\n<meta property=\"og:title\" content=\"- P\u00e4fgens\" \/>\n<meta property=\"og:description\" content=\"Photo: Frank Nagel\" \/>\n<meta property=\"og:url\" content=\"https:\/\/pafgens.exitmusic.org\/\" \/>\n<meta property=\"og:site_name\" content=\"P\u00e4fgens\" \/>\n<meta property=\"article:publisher\" content=\"https:\/\/facebook.com\/pafgens\" \/>\n<meta property=\"article:modified_time\" content=\"2024-09-17T18:28:57+00:00\" \/>\n<meta property=\"og:image\" content=\"https:\/\/pafgens.exitmusic.org\/wp-content\/uploads\/2024\/09\/DSC0750-1024x683.jpg\" \/>\n<meta name=\"twitter:card\" content=\"summary_large_image\" \/>\n<meta name=\"twitter:label1\" content=\"Predpokladan\u00fd \u010das \u010d\u00edtania\" \/>\n\t<meta name=\"twitter:data1\" content=\"1 min\u00fata\" \/>\n<script type=\"application\/ld+json\" class=\"yoast-schema-graph\">{\"@context\":\"https:\/\/schema.org\",\"@graph\":[{\"@type\":\"WebPage\",\"@id\":\"https:\/\/pafgens.exitmusic.org\/\",\"url\":\"https:\/\/pafgens.exitmusic.org\/\",\"name\":\"- P\u00e4fgens\",\"isPartOf\":{\"@id\":\"http:\/\/pafgens.exitmusic.org\/#website\"},\"primaryImageOfPage\":{\"@id\":\"https:\/\/pafgens.exitmusic.org\/#primaryimage\"},\"image\":{\"@id\":\"https:\/\/pafgens.exitmusic.org\/#primaryimage\"},\"thumbnailUrl\":\"https:\/\/pafgens.exitmusic.org\/wp-content\/uploads\/2024\/09\/DSC0750-1024x683.jpg\",\"datePublished\":\"2024-08-20T19:21:48+00:00\",\"dateModified\":\"2024-09-17T18:28:57+00:00\",\"inLanguage\":\"sk-SK\",\"potentialAction\":[{\"@type\":\"ReadAction\",\"target\":[\"https:\/\/pafgens.exitmusic.org\/\"]}]},{\"@type\":\"ImageObject\",\"inLanguage\":\"sk-SK\",\"@id\":\"https:\/\/pafgens.exitmusic.org\/#primaryimage\",\"url\":\"https:\/\/pafgens.exitmusic.org\/wp-content\/uploads\/2024\/09\/DSC0750.jpg\",\"contentUrl\":\"https:\/\/pafgens.exitmusic.org\/wp-content\/uploads\/2024\/09\/DSC0750.jpg\",\"width\":1920,\"height\":1280},{\"@type\":\"WebSite\",\"@id\":\"http:\/\/pafgens.exitmusic.org\/#website\",\"url\":\"http:\/\/pafgens.exitmusic.org\/\",\"name\":\"P\u00e4fgens\",\"description\":\"\",\"potentialAction\":[{\"@type\":\"SearchAction\",\"target\":{\"@type\":\"EntryPoint\",\"urlTemplate\":\"http:\/\/pafgens.exitmusic.org\/?s={search_term_string}\"},\"query-input\":\"required name=search_term_string\"}],\"inLanguage\":\"sk-SK\"}]}<\/script>\n<!-- \/ Yoast SEO plugin. -->","yoast_head_json":{"title":"- P\u00e4fgens","robots":{"index":"index","follow":"follow","max-snippet":"max-snippet:-1","max-image-preview":"max-image-preview:large","max-video-preview":"max-video-preview:-1"},"canonical":"https:\/\/pafgens.exitmusic.org\/","og_locale":"sk_SK","og_type":"article","og_title":"- P\u00e4fgens","og_description":"Photo: Frank Nagel","og_url":"https:\/\/pafgens.exitmusic.org\/","og_site_name":"P\u00e4fgens","article_publisher":"https:\/\/facebook.com\/pafgens","article_modified_time":"2024-09-17T18:28:57+00:00","og_image":[{"url":"https:\/\/pafgens.exitmusic.org\/wp-content\/uploads\/2024\/09\/DSC0750-1024x683.jpg"}],"twitter_card":"summary_large_image","twitter_misc":{"Predpokladan\u00fd \u010das \u010d\u00edtania":"1 min\u00fata"},"schema":{"@context":"https:\/\/schema.org","@graph":[{"@type":"WebPage","@id":"https:\/\/pafgens.exitmusic.org\/","url":"https:\/\/pafgens.exitmusic.org\/","name":"- P\u00e4fgens","isPartOf":{"@id":"http:\/\/pafgens.exitmusic.org\/#website"},"primaryImageOfPage":{"@id":"https:\/\/pafgens.exitmusic.org\/#primaryimage"},"image":{"@id":"https:\/\/pafgens.exitmusic.org\/#primaryimage"},"thumbnailUrl":"https:\/\/pafgens.exitmusic.org\/wp-content\/uploads\/2024\/09\/DSC0750-1024x683.jpg","datePublished":"2024-08-20T19:21:48+00:00","dateModified":"2024-09-17T18:28:57+00:00","inLanguage":"sk-SK","potentialAction":[{"@type":"ReadAction","target":["https:\/\/pafgens.exitmusic.org\/"]}]},{"@type":"ImageObject","inLanguage":"sk-SK","@id":"https:\/\/pafgens.exitmusic.org\/#primaryimage","url":"https:\/\/pafgens.exitmusic.org\/wp-content\/uploads\/2024\/09\/DSC0750.jpg","contentUrl":"https:\/\/pafgens.exitmusic.org\/wp-content\/uploads\/2024\/09\/DSC0750.jpg","width":1920,"height":1280},{"@type":"WebSite","@id":"http:\/\/pafgens.exitmusic.org\/#website","url":"http:\/\/pafgens.exitmusic.org\/","name":"P\u00e4fgens","description":"","potentialAction":[{"@type":"SearchAction","target":{"@type":"EntryPoint","urlTemplate":"http:\/\/pafgens.exitmusic.org\/?s={search_term_string}"},"query-input":"required name=search_term_string"}],"inLanguage":"sk-SK"}]}},"_links":{"self":[{"href":"https:\/\/pafgens.exitmusic.org\/index.php?rest_route=\/wp\/v2\/pages\/39"}],"collection":[{"href":"https:\/\/pafgens.exitmusic.org\/index.php?rest_route=\/wp\/v2\/pages"}],"about":[{"href":"https:\/\/pafgens.exitmusic.org\/index.php?rest_route=\/wp\/v2\/types\/page"}],"author":[{"embeddable":true,"href":"https:\/\/pafgens.exitmusic.org\/index.php?rest_route=\/wp\/v2\/users\/1"}],"replies":[{"embeddable":true,"href":"https:\/\/pafgens.exitmusic.org\/index.php?rest_route=%2Fwp%2Fv2%2Fcomments&post=39"}],"version-history":[{"count":5,"href":"https:\/\/pafgens.exitmusic.org\/index.php?rest_route=\/wp\/v2\/pages\/39\/revisions"}],"predecessor-version":[{"id":57,"href":"https:\/\/pafgens.exitmusic.org\/index.php?rest_route=\/wp\/v2\/pages\/39\/revisions\/57"}],"wp:attachment":[{"href":"https:\/\/pafgens.exitmusic.org\/index.php?rest_route=%2Fwp%2Fv2%2Fmedia&parent=39"}],"curies":[{"name":"wp","href":"https:\/\/api.w.org\/{rel}","templated":true}]}}