{"id":8,"date":"2024-08-13T16:46:21","date_gmt":"2024-08-13T14:46:21","guid":{"rendered":"http:\/\/pafgens.exitmusic.org\/?page_id=8"},"modified":"2024-09-17T20:32:58","modified_gmt":"2024-09-17T18:32:58","slug":"our-story","status":"publish","type":"page","link":"https:\/\/pafgens.exitmusic.org\/?page_id=8","title":{"rendered":"Our story"},"content":{"rendered":"\n<p>We are P\u00e4fgens \u2013 Jana Dr\u00e1bekov\u00e1 Ko\u010di\u0161ov\u00e1 and Filip Dr\u00e1bek. Our friendship began in autumn 2008 during journalism studies in Bratislava, Slovakia, and it evolved into a relationship a year later. Ten years after meeting initially, we got married.<\/p>\n\n\n\n<figure class=\"wp-block-image size-large\"><img loading=\"lazy\" decoding=\"async\" width=\"1024\" height=\"955\" src=\"https:\/\/pafgens.exitmusic.org\/wp-content\/uploads\/2024\/08\/IMG_6881-1-1024x955.jpg\" alt=\"\" class=\"wp-image-40\" srcset=\"https:\/\/pafgens.exitmusic.org\/wp-content\/uploads\/2024\/08\/IMG_6881-1-1024x955.jpg 1024w, https:\/\/pafgens.exitmusic.org\/wp-content\/uploads\/2024\/08\/IMG_6881-1-300x280.jpg 300w, https:\/\/pafgens.exitmusic.org\/wp-content\/uploads\/2024\/08\/IMG_6881-1-768x716.jpg 768w, https:\/\/pafgens.exitmusic.org\/wp-content\/uploads\/2024\/08\/IMG_6881-1-1536x1432.jpg 1536w, https:\/\/pafgens.exitmusic.org\/wp-content\/uploads\/2024\/08\/IMG_6881-1-2048x1910.jpg 2048w\" sizes=\"(max-width: 1024px) 100vw, 1024px\" \/><\/figure>\n\n\n\n<p>Being partners in life offers a unique depth and bond, which we try to reflect in our music. It is often melancholic, helping us to deal with loss, changes, and the immense love we feel for each other.<\/p>\n\n\n\n<p>We are two Slovaks who haven&#8217;t lived in Slovakia since 2013. First, we moved to Warsaw and, after almost 3 years there, to Berlin. Berlin has been our home since 2016. The feeling of belonging is something we are constantly seeking. As people or as musicians, we sometimes navigate different &#8218;lives&#8216; and spend time where we feel good. The process of finding and experimenting is mostly fun, always intriguing, but sometimes also exhausting.<\/p>\n\n\n\n<p>How did the music even start? We always loved going to shows together, and we also booked concerts under After Hours Shows (2011-2013) in Bratislava and were active in the Slovak label Exitab for years. Filip used to play bass in the post-rock band The Ills between 2008 and 2013. Jana played guitar just for herself for many years before confessing to Filip.<\/p>\n\n\n\n<p>In 2013, shortly before moving abroad, we created P\u00e4fgens, our musical project. The first EP was released that year, followed by our first concert a year later. The project is constantly evolving and moving from shoegaze\/lo-fi\/singer-songwriting territory to drone landscapes, creating a beautiful mixture of improvisation and compositions, sometimes accompanied by vocals.<\/p>\n\n\n\n<p><\/p>\n","protected":false},"excerpt":{"rendered":"<p>We are P\u00e4fgens \u2013 Jana Dr\u00e1bekov\u00e1 Ko\u010di\u0161ov\u00e1 and Filip Dr\u00e1bek. Our friendship began in autumn 2008 during journalism studies in Bratislava, Slovakia, and it evolved into a relationship a year later. Ten years after meeting initially, we got married. Being partners in life offers a unique depth and bond, which we try to reflect in [&hellip;]<\/p>\n","protected":false},"author":1,"featured_media":0,"parent":0,"menu_order":0,"comment_status":"closed","ping_status":"closed","template":"","meta":{"_monsterinsights_skip_tracking":false,"_monsterinsights_sitenote_active":false,"_monsterinsights_sitenote_note":"","_monsterinsights_sitenote_category":0,"footnotes":""},"class_list":["post-8","page","type-page","status-publish","hentry"],"yoast_head":"<!-- This site is optimized with the Yoast SEO plugin v23.2 - https:\/\/yoast.com\/wordpress\/plugins\/seo\/ -->\n<title>Our story - P\u00e4fgens<\/title>\n<meta name=\"robots\" content=\"index, follow, max-snippet:-1, max-image-preview:large, max-video-preview:-1\" \/>\n<link rel=\"canonical\" href=\"https:\/\/pafgens.exitmusic.org\/?page_id=8\" \/>\n<meta property=\"og:locale\" content=\"sk_SK\" \/>\n<meta property=\"og:type\" content=\"article\" \/>\n<meta property=\"og:title\" content=\"Our story - P\u00e4fgens\" \/>\n<meta property=\"og:description\" content=\"We are P\u00e4fgens \u2013 Jana Dr\u00e1bekov\u00e1 Ko\u010di\u0161ov\u00e1 and Filip Dr\u00e1bek. Our friendship began in autumn 2008 during journalism studies in Bratislava, Slovakia, and it evolved into a relationship a year later. Ten years after meeting initially, we got married. Being partners in life offers a unique depth and bond, which we try to reflect in [&hellip;]\" \/>\n<meta property=\"og:url\" content=\"https:\/\/pafgens.exitmusic.org\/?page_id=8\" \/>\n<meta property=\"og:site_name\" content=\"P\u00e4fgens\" \/>\n<meta property=\"article:publisher\" content=\"https:\/\/facebook.com\/pafgens\" \/>\n<meta property=\"article:modified_time\" content=\"2024-09-17T18:32:58+00:00\" \/>\n<meta property=\"og:image\" content=\"https:\/\/pafgens.exitmusic.org\/wp-content\/uploads\/2024\/08\/IMG_6881-1-1024x955.jpg\" \/>\n<meta name=\"twitter:card\" content=\"summary_large_image\" \/>\n<meta name=\"twitter:label1\" content=\"Predpokladan\u00fd \u010das \u010d\u00edtania\" \/>\n\t<meta name=\"twitter:data1\" content=\"2 min\u00faty\" \/>\n<script type=\"application\/ld+json\" class=\"yoast-schema-graph\">{\"@context\":\"https:\/\/schema.org\",\"@graph\":[{\"@type\":\"WebPage\",\"@id\":\"https:\/\/pafgens.exitmusic.org\/?page_id=8\",\"url\":\"https:\/\/pafgens.exitmusic.org\/?page_id=8\",\"name\":\"Our story - P\u00e4fgens\",\"isPartOf\":{\"@id\":\"http:\/\/pafgens.exitmusic.org\/#website\"},\"primaryImageOfPage\":{\"@id\":\"https:\/\/pafgens.exitmusic.org\/?page_id=8#primaryimage\"},\"image\":{\"@id\":\"https:\/\/pafgens.exitmusic.org\/?page_id=8#primaryimage\"},\"thumbnailUrl\":\"https:\/\/pafgens.exitmusic.org\/wp-content\/uploads\/2024\/08\/IMG_6881-1-1024x955.jpg\",\"datePublished\":\"2024-08-13T14:46:21+00:00\",\"dateModified\":\"2024-09-17T18:32:58+00:00\",\"breadcrumb\":{\"@id\":\"https:\/\/pafgens.exitmusic.org\/?page_id=8#breadcrumb\"},\"inLanguage\":\"sk-SK\",\"potentialAction\":[{\"@type\":\"ReadAction\",\"target\":[\"https:\/\/pafgens.exitmusic.org\/?page_id=8\"]}]},{\"@type\":\"ImageObject\",\"inLanguage\":\"sk-SK\",\"@id\":\"https:\/\/pafgens.exitmusic.org\/?page_id=8#primaryimage\",\"url\":\"https:\/\/pafgens.exitmusic.org\/wp-content\/uploads\/2024\/08\/IMG_6881-1-scaled.jpg\",\"contentUrl\":\"https:\/\/pafgens.exitmusic.org\/wp-content\/uploads\/2024\/08\/IMG_6881-1-scaled.jpg\",\"width\":2560,\"height\":2387},{\"@type\":\"BreadcrumbList\",\"@id\":\"https:\/\/pafgens.exitmusic.org\/?page_id=8#breadcrumb\",\"itemListElement\":[{\"@type\":\"ListItem\",\"position\":1,\"name\":\"Home\",\"item\":\"https:\/\/pafgens.exitmusic.org\/\"},{\"@type\":\"ListItem\",\"position\":2,\"name\":\"Our story\"}]},{\"@type\":\"WebSite\",\"@id\":\"http:\/\/pafgens.exitmusic.org\/#website\",\"url\":\"http:\/\/pafgens.exitmusic.org\/\",\"name\":\"P\u00e4fgens\",\"description\":\"\",\"potentialAction\":[{\"@type\":\"SearchAction\",\"target\":{\"@type\":\"EntryPoint\",\"urlTemplate\":\"http:\/\/pafgens.exitmusic.org\/?s={search_term_string}\"},\"query-input\":\"required name=search_term_string\"}],\"inLanguage\":\"sk-SK\"}]}<\/script>\n<!-- \/ Yoast SEO plugin. -->","yoast_head_json":{"title":"Our story - P\u00e4fgens","robots":{"index":"index","follow":"follow","max-snippet":"max-snippet:-1","max-image-preview":"max-image-preview:large","max-video-preview":"max-video-preview:-1"},"canonical":"https:\/\/pafgens.exitmusic.org\/?page_id=8","og_locale":"sk_SK","og_type":"article","og_title":"Our story - P\u00e4fgens","og_description":"We are P\u00e4fgens \u2013 Jana Dr\u00e1bekov\u00e1 Ko\u010di\u0161ov\u00e1 and Filip Dr\u00e1bek. Our friendship began in autumn 2008 during journalism studies in Bratislava, Slovakia, and it evolved into a relationship a year later. Ten years after meeting initially, we got married. Being partners in life offers a unique depth and bond, which we try to reflect in [&hellip;]","og_url":"https:\/\/pafgens.exitmusic.org\/?page_id=8","og_site_name":"P\u00e4fgens","article_publisher":"https:\/\/facebook.com\/pafgens","article_modified_time":"2024-09-17T18:32:58+00:00","og_image":[{"url":"https:\/\/pafgens.exitmusic.org\/wp-content\/uploads\/2024\/08\/IMG_6881-1-1024x955.jpg"}],"twitter_card":"summary_large_image","twitter_misc":{"Predpokladan\u00fd \u010das \u010d\u00edtania":"2 min\u00faty"},"schema":{"@context":"https:\/\/schema.org","@graph":[{"@type":"WebPage","@id":"https:\/\/pafgens.exitmusic.org\/?page_id=8","url":"https:\/\/pafgens.exitmusic.org\/?page_id=8","name":"Our story - P\u00e4fgens","isPartOf":{"@id":"http:\/\/pafgens.exitmusic.org\/#website"},"primaryImageOfPage":{"@id":"https:\/\/pafgens.exitmusic.org\/?page_id=8#primaryimage"},"image":{"@id":"https:\/\/pafgens.exitmusic.org\/?page_id=8#primaryimage"},"thumbnailUrl":"https:\/\/pafgens.exitmusic.org\/wp-content\/uploads\/2024\/08\/IMG_6881-1-1024x955.jpg","datePublished":"2024-08-13T14:46:21+00:00","dateModified":"2024-09-17T18:32:58+00:00","breadcrumb":{"@id":"https:\/\/pafgens.exitmusic.org\/?page_id=8#breadcrumb"},"inLanguage":"sk-SK","potentialAction":[{"@type":"ReadAction","target":["https:\/\/pafgens.exitmusic.org\/?page_id=8"]}]},{"@type":"ImageObject","inLanguage":"sk-SK","@id":"https:\/\/pafgens.exitmusic.org\/?page_id=8#primaryimage","url":"https:\/\/pafgens.exitmusic.org\/wp-content\/uploads\/2024\/08\/IMG_6881-1-scaled.jpg","contentUrl":"https:\/\/pafgens.exitmusic.org\/wp-content\/uploads\/2024\/08\/IMG_6881-1-scaled.jpg","width":2560,"height":2387},{"@type":"BreadcrumbList","@id":"https:\/\/pafgens.exitmusic.org\/?page_id=8#breadcrumb","itemListElement":[{"@type":"ListItem","position":1,"name":"Home","item":"https:\/\/pafgens.exitmusic.org\/"},{"@type":"ListItem","position":2,"name":"Our story"}]},{"@type":"WebSite","@id":"http:\/\/pafgens.exitmusic.org\/#website","url":"http:\/\/pafgens.exitmusic.org\/","name":"P\u00e4fgens","description":"","potentialAction":[{"@type":"SearchAction","target":{"@type":"EntryPoint","urlTemplate":"http:\/\/pafgens.exitmusic.org\/?s={search_term_string}"},"query-input":"required name=search_term_string"}],"inLanguage":"sk-SK"}]}},"_links":{"self":[{"href":"https:\/\/pafgens.exitmusic.org\/index.php?rest_route=\/wp\/v2\/pages\/8"}],"collection":[{"href":"https:\/\/pafgens.exitmusic.org\/index.php?rest_route=\/wp\/v2\/pages"}],"about":[{"href":"https:\/\/pafgens.exitmusic.org\/index.php?rest_route=\/wp\/v2\/types\/page"}],"author":[{"embeddable":true,"href":"https:\/\/pafgens.exitmusic.org\/index.php?rest_route=\/wp\/v2\/users\/1"}],"replies":[{"embeddable":true,"href":"https:\/\/pafgens.exitmusic.org\/index.php?rest_route=%2Fwp%2Fv2%2Fcomments&post=8"}],"version-history":[{"count":6,"href":"https:\/\/pafgens.exitmusic.org\/index.php?rest_route=\/wp\/v2\/pages\/8\/revisions"}],"predecessor-version":[{"id":58,"href":"https:\/\/pafgens.exitmusic.org\/index.php?rest_route=\/wp\/v2\/pages\/8\/revisions\/58"}],"wp:attachment":[{"href":"https:\/\/pafgens.exitmusic.org\/index.php?rest_route=%2Fwp%2Fv2%2Fmedia&parent=8"}],"curies":[{"name":"wp","href":"https:\/\/api.w.org\/{rel}","templated":true}]}}